{"id":144,"date":"2019-09-16T16:59:10","date_gmt":"2019-09-16T16:59:10","guid":{"rendered":"http:\/\/new.wallstreet-dixies.de\/?page_id=144"},"modified":"2024-09-27T09:16:05","modified_gmt":"2024-09-27T09:16:05","slug":"history","status":"publish","type":"page","link":"https:\/\/www.wallstreet-dixies.de\/?page_id=144","title":{"rendered":"History"},"content":{"rendered":"\n<h3 class=\"wp-block-heading has-text-color\" style=\"color:#feba29\">1991 (Gr\u00fcnderzeit)<\/h3>\n\n\n\n<p><strong>Die Anf\u00e4nge der WALL$TREET DIXIES<\/strong> (von Frank M\u00f6nnich) <br><br>Die Band wurde im Februar 1991 gegr\u00fcndet. Initiator  war R\u00fcdiger Wellbrock aus Loy. R\u00fcdiger war bei den  Waterend Jazzmen ausgestiegen und wollte jetzt eine  neue Band gr\u00fcnden. Als Schlagzeuger sagte Rolf G\u00fchring, auch ein ehemaliger Waterend-Musiker, zu. Da R\u00fcdiger durch seine Bankt\u00e4tigkeit den Rockbassisten Martin Dams kannte, wurde dieser gefragt.  Martin stieg nach kurzer \u00dcberredung mit ein. Es sollte eine Old-Time Jazz-Band in der klassischen Besetzung Trompete, Klarinette,&nbsp;Posaune, Banjo, Bass  und Schlagzeug werden. Jetzt wurde von Rudi in der  NWZ eine Anzeige gestartet, um so die restlichen  Musiker zu finden. Es meldeten sich der Banjospieler  Hans Peter Verse und&nbsp; ich (Frank M\u00f6nnich). Am Telefon fragte mich Rudi,  ob ich nicht auch Klarinette spielen k\u00f6nnte, da diese  noch fehlen w\u00fcrde. Ich verneinte, worauf Rudi meinte,  das k\u00f6nnte man ja schnell lernen, er w\u00fcrde sich wieder  melden. Ich dachte, \u201c Das war&#8217;s\u201c und machte mir keine  gro\u00dfen Hoffnungen, mit meinem Sax in die Band  einzusteigen. Etwa drei Wochen sp\u00e4ter rief Rudi mich an und  vereinbarte ein Treffen. Mittlerweile hatte sich auch ein  Klarinettist gemeldet. Es war Uwe Klappenbach. So kamen zum ersten Treffen der Band im Februar  1991 bei Rudi in Loy folgende Musiker zusammen:  <\/p>\n\n\n\n<ul>\n<li> <strong>Uwe Klappenbach<\/strong>   &nbsp; &nbsp; =&gt; Klarinette<\/li>\n\n\n\n<li> <strong>R\u00fcdiger Wellbrock<\/strong> &nbsp; =&gt; Posaune<\/li>\n\n\n\n<li> <strong>Frank M\u00f6nnich<\/strong>           &nbsp; &nbsp;  &nbsp; &nbsp; &nbsp;    =&gt; Tenorsaxophon<\/li>\n\n\n\n<li> <strong>Martin Dams<\/strong> &nbsp; &nbsp;  &nbsp;  &nbsp;  &nbsp;  &nbsp; &nbsp; =&gt;  Bass<\/li>\n\n\n\n<li> <strong>Hans Peter Verse<\/strong>  &nbsp;&nbsp;&nbsp;&nbsp; =&gt; Banjo<\/li>\n\n\n\n<li> <strong>Rolf G\u00fchring<\/strong>    &nbsp; &nbsp; &nbsp;  &nbsp;  &nbsp;  &nbsp;  &nbsp; &nbsp;  =&gt; Schlagzeug<\/li>\n<\/ul>\n\n\n\n<p>Es wurde sich darauf geeinigt, dass ich mit meinem Sax  die Trompetenparts ersetzen sollte, bis ein Trompeter  gefunden war. Da noch kein Probenraum zur Verf\u00fcgung stand, wurde  die erste Probe im Sportlerheim (Holzhaus) am Sportplatz in Loy abgehalten. Zur Probe brachte Rolf G\u00fchring  den Trompeter Dieter Boyksen mit. Da dieser sich aus  zeitlichen und beruflichen Gr\u00fcnden nicht voll  engagieren wollte, bot er uns an, so lange mitzumachen, bis wir einen Ersatz gefunden hatten. Damit  konnten wir mit den Proben beginnen. <br>Im M\u00e4rz 1991 besorgte Rolf G\u00fchring uns einen Kellerraum am Waffenplatz (Colonia-Haus), der unser Probenraum wurde. Martin zauberte mit tausenden von Eierpappen und  Teppichen einen gut klingenden Proberaum. Die Proben liefen gut und das Programm nahm  Formen&nbsp;an. Langsam kam bei allen der Wunsch nach  einem Bandnamen auf, es werden&nbsp; Vorschl\u00e4ge gemacht  wie: JAZZ-TIGERS, JAZZ FOR FUN, JAZZ ODER NIE, usw. Man wurde sich nicht einig. Zwei Wochen sp\u00e4ter kam  einem von uns die Idee, die Band nach der Stra\u00dfe zu  benennen. WALL$TREET sollte also in unserem Namen  enthalten sein. Darauf begann eine gro\u00dfe Diskussion ,  ob auch <strong>wir<\/strong> die Stra\u00dfe &#8211; wie andere Oldenburger  Bands &#8211; als Namensgeber nehmen sollen(Flower-Street  Jazz&nbsp; Band, Waterend Jazzmen). Wir wurden uns einig,  dass Jazzband und Jazzmen nicht in unserem Namen  auftauchen sollten, um unsere Mitbewerber nicht zu  ver\u00e4rgern. Eine Woche sp\u00e4ter einigten wir uns. Der Zusatz im Namen soll <em>Dixies<\/em> hei\u00dfen&nbsp; und seitdem, hei\u00dft die Band  <strong>WALL$TREET <em>Dixies<\/em><\/strong>. Weil Martin und R\u00fcdiger B\u00e4nker von Beruf waren, sollte  als Gag das Street mit dem Dollarzeichen geschrieben  werden. Auch das haben wir bis heute beibehalten. Die aktuelle Besetzung setzt sich, seit Anfang 2019, aus den folgenden Musikern zusammen:<\/p>\n\n\n\n<ul>\n<li> <strong>Theo Haneklau<\/strong>&nbsp;&nbsp;&nbsp;&nbsp;&nbsp;&nbsp;&nbsp;&nbsp;&nbsp;&nbsp;&nbsp;&nbsp;=&gt; Klarinette<\/li>\n\n\n\n<li> <strong>R\u00fcdiger Wellbrock<\/strong> &nbsp; =&gt; Posaune<\/li>\n\n\n\n<li> <strong>Rafael R\u00f6tzer<\/strong>\u00a0\u00a0\u00a0\u00a0\u00a0\u00a0\u00a0\u00a0\u00a0\u00a0\u00a0\u00a0\u00a0\u00a0\u00a0=> Trompete, Fl\u00fcgelhorn<\/li>\n\n\n\n<li> <strong>Frank M\u00f6nnich<\/strong>\u00a0\u00a0\u00a0\u00a0\u00a0\u00a0\u00a0\u00a0\u00a0\u00a0\u00a0\u00a0=> Tenorsaxophon, Akustikgitarre<\/li>\n\n\n\n<li> <strong>Martin Dams<\/strong> \u00a0\u00a0\u00a0\u00a0\u00a0\u00a0\u00a0\u00a0\u00a0\u00a0\u00a0\u00a0\u00a0\u00a0\u00a0\u00a0=>  Bass<\/li>\n\n\n\n<li> <strong>Hans Peter Verse<\/strong> \u00a0\u00a0\u00a0\u00a0\u00a0\u00a0=> Banjo, Schlaggitare<\/li>\n\n\n\n<li> <strong>Ewald Huhsmann<\/strong> \u00a0\u00a0\u00a0\u00a0\u00a0\u00a0=> Gitarre, Bass<\/li>\n\n\n\n<li><strong>Alexander Wolff<\/strong>\u00a0\u00a0\u00a0\u00a0\u00a0\u00a0\u00a0\u00a0\u00a0=> Schlagzeug<\/li>\n<\/ul>\n\n\n\n<p><\/p>\n\n\n\n<p><\/p>\n\n\n\n<figure class=\"wp-block-image\"><img decoding=\"async\" loading=\"lazy\" width=\"1024\" height=\"692\" src=\"http:\/\/new.wallstreet-dixies.de\/wp-content\/uploads\/2019\/09\/Frank_38-1024x692.jpg\" alt=\"\" class=\"wp-image-148\" srcset=\"https:\/\/www.wallstreet-dixies.de\/wp-content\/uploads\/2019\/09\/Frank_38-1024x692.jpg 1024w, https:\/\/www.wallstreet-dixies.de\/wp-content\/uploads\/2019\/09\/Frank_38-300x203.jpg 300w, https:\/\/www.wallstreet-dixies.de\/wp-content\/uploads\/2019\/09\/Frank_38-768x519.jpg 768w, https:\/\/www.wallstreet-dixies.de\/wp-content\/uploads\/2019\/09\/Frank_38.jpg 1728w\" sizes=\"(max-width: 1024px) 100vw, 1024px\" \/><\/figure>\n\n\n\n<figure class=\"wp-block-image\"><img decoding=\"async\" loading=\"lazy\" width=\"1024\" height=\"768\" src=\"http:\/\/new.wallstreet-dixies.de\/wp-content\/uploads\/2019\/09\/DSC01816-1024x768.jpg\" alt=\"\" class=\"wp-image-149\" srcset=\"https:\/\/www.wallstreet-dixies.de\/wp-content\/uploads\/2019\/09\/DSC01816-1024x768.jpg 1024w, https:\/\/www.wallstreet-dixies.de\/wp-content\/uploads\/2019\/09\/DSC01816-300x225.jpg 300w, https:\/\/www.wallstreet-dixies.de\/wp-content\/uploads\/2019\/09\/DSC01816-768x576.jpg 768w\" sizes=\"(max-width: 1024px) 100vw, 1024px\" \/><\/figure>\n\n\n\n<figure class=\"wp-block-image\"><img decoding=\"async\" loading=\"lazy\" width=\"1024\" height=\"709\" src=\"http:\/\/new.wallstreet-dixies.de\/wp-content\/uploads\/2019\/09\/Frank_41-1024x709.jpg\" alt=\"\" class=\"wp-image-150\" srcset=\"https:\/\/www.wallstreet-dixies.de\/wp-content\/uploads\/2019\/09\/Frank_41-1024x709.jpg 1024w, https:\/\/www.wallstreet-dixies.de\/wp-content\/uploads\/2019\/09\/Frank_41-300x208.jpg 300w, https:\/\/www.wallstreet-dixies.de\/wp-content\/uploads\/2019\/09\/Frank_41-768x532.jpg 768w, https:\/\/www.wallstreet-dixies.de\/wp-content\/uploads\/2019\/09\/Frank_41.jpg 1456w\" sizes=\"(max-width: 1024px) 100vw, 1024px\" \/><\/figure>\n\n\n\n<figure class=\"wp-block-image\"><img decoding=\"async\" loading=\"lazy\" width=\"1024\" height=\"683\" src=\"http:\/\/new.wallstreet-dixies.de\/wp-content\/uploads\/2019\/09\/IMG_7929-1024x683.jpg\" alt=\"\" class=\"wp-image-151\" srcset=\"https:\/\/www.wallstreet-dixies.de\/wp-content\/uploads\/2019\/09\/IMG_7929-1024x683.jpg 1024w, https:\/\/www.wallstreet-dixies.de\/wp-content\/uploads\/2019\/09\/IMG_7929-300x200.jpg 300w, https:\/\/www.wallstreet-dixies.de\/wp-content\/uploads\/2019\/09\/IMG_7929-768x512.jpg 768w\" sizes=\"(max-width: 1024px) 100vw, 1024px\" \/><\/figure>\n\n\n\n<figure class=\"wp-block-image\"><img decoding=\"async\" loading=\"lazy\" width=\"1024\" height=\"696\" src=\"http:\/\/new.wallstreet-dixies.de\/wp-content\/uploads\/2019\/09\/Martin_35-1024x696.jpg\" alt=\"\" class=\"wp-image-152\" srcset=\"https:\/\/www.wallstreet-dixies.de\/wp-content\/uploads\/2019\/09\/Martin_35-1024x696.jpg 1024w, https:\/\/www.wallstreet-dixies.de\/wp-content\/uploads\/2019\/09\/Martin_35-300x204.jpg 300w, https:\/\/www.wallstreet-dixies.de\/wp-content\/uploads\/2019\/09\/Martin_35-768x522.jpg 768w, https:\/\/www.wallstreet-dixies.de\/wp-content\/uploads\/2019\/09\/Martin_35.jpg 1667w\" sizes=\"(max-width: 1024px) 100vw, 1024px\" \/><\/figure>\n\n\n\n<figure class=\"wp-block-image size-large\"><img decoding=\"async\" loading=\"lazy\" width=\"1024\" height=\"680\" src=\"http:\/\/new.wallstreet-dixies.de\/wp-content\/uploads\/2019\/12\/DSC_3068-1024x680.jpg\" alt=\"\" class=\"wp-image-326\" srcset=\"https:\/\/www.wallstreet-dixies.de\/wp-content\/uploads\/2019\/12\/DSC_3068-1024x680.jpg 1024w, https:\/\/www.wallstreet-dixies.de\/wp-content\/uploads\/2019\/12\/DSC_3068-300x199.jpg 300w, https:\/\/www.wallstreet-dixies.de\/wp-content\/uploads\/2019\/12\/DSC_3068-768x510.jpg 768w\" sizes=\"(max-width: 1024px) 100vw, 1024px\" \/><figcaption class=\"wp-element-caption\">Aktuelle Besetzung (seit Anfang 2019)<\/figcaption><\/figure>\n\n\n\n<h2 class=\"wp-block-heading\">Opernball 2023<\/h2>\n\n\n\n<figure class=\"wp-block-image size-large\"><img decoding=\"async\" loading=\"lazy\" width=\"1024\" height=\"683\" src=\"http:\/\/new.wallstreet-dixies.de\/wp-content\/uploads\/2023\/08\/CAB6239-1024x683.jpg\" alt=\"\" class=\"wp-image-500\" srcset=\"https:\/\/www.wallstreet-dixies.de\/wp-content\/uploads\/2023\/08\/CAB6239-1024x683.jpg 1024w, https:\/\/www.wallstreet-dixies.de\/wp-content\/uploads\/2023\/08\/CAB6239-300x200.jpg 300w, https:\/\/www.wallstreet-dixies.de\/wp-content\/uploads\/2023\/08\/CAB6239-768x512.jpg 768w, https:\/\/www.wallstreet-dixies.de\/wp-content\/uploads\/2023\/08\/CAB6239-1536x1024.jpg 1536w, https:\/\/www.wallstreet-dixies.de\/wp-content\/uploads\/2023\/08\/CAB6239-2048x1365.jpg 2048w\" sizes=\"(max-width: 1024px) 100vw, 1024px\" \/><\/figure>\n\n\n\n<figure class=\"wp-block-image size-large\"><img decoding=\"async\" loading=\"lazy\" width=\"1024\" height=\"768\" src=\"http:\/\/new.wallstreet-dixies.de\/wp-content\/uploads\/2023\/08\/IMG_7239-1024x768.jpg\" alt=\"\" class=\"wp-image-502\" srcset=\"https:\/\/www.wallstreet-dixies.de\/wp-content\/uploads\/2023\/08\/IMG_7239-1024x768.jpg 1024w, https:\/\/www.wallstreet-dixies.de\/wp-content\/uploads\/2023\/08\/IMG_7239-300x225.jpg 300w, https:\/\/www.wallstreet-dixies.de\/wp-content\/uploads\/2023\/08\/IMG_7239-768x576.jpg 768w, https:\/\/www.wallstreet-dixies.de\/wp-content\/uploads\/2023\/08\/IMG_7239-1536x1152.jpg 1536w, https:\/\/www.wallstreet-dixies.de\/wp-content\/uploads\/2023\/08\/IMG_7239.jpg 1600w\" sizes=\"(max-width: 1024px) 100vw, 1024px\" \/><\/figure>\n\n\n<div class=\"wp-block-image\">\n<figure class=\"aligncenter size-large\"><img decoding=\"async\" loading=\"lazy\" width=\"768\" height=\"1024\" src=\"http:\/\/new.wallstreet-dixies.de\/wp-content\/uploads\/2023\/08\/IMG_7248-768x1024.jpg\" alt=\"\" class=\"wp-image-503\" srcset=\"https:\/\/www.wallstreet-dixies.de\/wp-content\/uploads\/2023\/08\/IMG_7248-768x1024.jpg 768w, https:\/\/www.wallstreet-dixies.de\/wp-content\/uploads\/2023\/08\/IMG_7248-225x300.jpg 225w, https:\/\/www.wallstreet-dixies.de\/wp-content\/uploads\/2023\/08\/IMG_7248-1152x1536.jpg 1152w, https:\/\/www.wallstreet-dixies.de\/wp-content\/uploads\/2023\/08\/IMG_7248.jpg 1200w\" sizes=\"(max-width: 768px) 100vw, 768px\" \/><\/figure><\/div>","protected":false},"excerpt":{"rendered":"<p>1991 (Gr\u00fcnderzeit) Die Anf\u00e4nge der WALL$TREET DIXIES (von Frank M\u00f6nnich) Die Band wurde im Februar 1991 gegr\u00fcndet. Initiator war R\u00fcdiger Wellbrock aus Loy. R\u00fcdiger war bei den Waterend Jazzmen ausgestiegen und wollte jetzt eine neue Band gr\u00fcnden. Als Schlagzeuger sagte Rolf G\u00fchring, auch ein ehemaliger Waterend-Musiker, zu. Da R\u00fcdiger durch seine Bankt\u00e4tigkeit den Rockbassisten Martin [&hellip;]<\/p>\n","protected":false},"author":1,"featured_media":152,"parent":0,"menu_order":2,"comment_status":"closed","ping_status":"closed","template":"page-templates\/full-width-page.php","meta":{"footnotes":""},"_links":{"self":[{"href":"https:\/\/www.wallstreet-dixies.de\/index.php?rest_route=\/wp\/v2\/pages\/144"}],"collection":[{"href":"https:\/\/www.wallstreet-dixies.de\/index.php?rest_route=\/wp\/v2\/pages"}],"about":[{"href":"https:\/\/www.wallstreet-dixies.de\/index.php?rest_route=\/wp\/v2\/types\/page"}],"author":[{"embeddable":true,"href":"https:\/\/www.wallstreet-dixies.de\/index.php?rest_route=\/wp\/v2\/users\/1"}],"replies":[{"embeddable":true,"href":"https:\/\/www.wallstreet-dixies.de\/index.php?rest_route=%2Fwp%2Fv2%2Fcomments&post=144"}],"version-history":[{"count":42,"href":"https:\/\/www.wallstreet-dixies.de\/index.php?rest_route=\/wp\/v2\/pages\/144\/revisions"}],"predecessor-version":[{"id":560,"href":"https:\/\/www.wallstreet-dixies.de\/index.php?rest_route=\/wp\/v2\/pages\/144\/revisions\/560"}],"wp:featuredmedia":[{"embeddable":true,"href":"https:\/\/www.wallstreet-dixies.de\/index.php?rest_route=\/wp\/v2\/media\/152"}],"wp:attachment":[{"href":"https:\/\/www.wallstreet-dixies.de\/index.php?rest_route=%2Fwp%2Fv2%2Fmedia&parent=144"}],"curies":[{"name":"wp","href":"https:\/\/api.w.org\/{rel}","templated":true}]}}