{"id":2,"date":"2016-05-10T03:48:21","date_gmt":"2016-05-10T03:48:21","guid":{"rendered":"http:\/\/new.wallstreet-dixies.de\/?page_id=2"},"modified":"2025-04-26T08:17:34","modified_gmt":"2025-04-26T08:17:34","slug":"sample-page","status":"publish","type":"page","link":"https:\/\/www.wallstreet-dixies.de\/","title":{"rendered":"Home"},"content":{"rendered":"\n<center><h2><strong>Wall$treet Dixies<\/strong><\/h2><\/center><br><br>\n\n\n<h1 align=\"center\"><span style=\"color: #ff6600;\">34 Jahre Wallstreet Dixies<\/span><\/h1>\n<p><span style=\"color: #ff6600;\">Am Samstag, den 28.09.2024 spielten wir ein Jubil\u00e4umskonzert im Litfa\u00df in Oldenburg.<\/span><br \/><span style=\"color: #ff6600;\">Mit dabei waren ehemalige Mitglieder und Aushilfen, welche die Band \u00fcber die ganzen Jahre begleitet haben. Es war eine unglaublich sch\u00f6ne Feier. Danke an alle, die mit uns gefeiert haben.<\/span><\/p>\n<h2>\u00a0<\/h2>\n<p>Von Louis Armstrong \u00fcber Jim Knopf zu den Mavericks.<br \/>Oldenburgs neueste und etwas andere Jazzband.<\/p>\n<p>Acht erfahrene Musiker, die vor der Gr\u00fcndung vor 34 Jahren schon Banderfahrung in der Tanz- und Rockmusik und in Jazzbands sammeln konnten, pr\u00e4sentieren ein unterhaltsames, vielseitiges Programm: Titel der New Orleans -, Dixieland- und Swing\u00e4ra bis zu Evergreens, wobei Rock- und Blueselemente nicht zu \u00fcberh\u00f6ren sind. In der letzten Zeit sind Pop Hits, Schlager und Country Rock mit Tex-Mex neu im Programm.<\/p>\n<p>Die Band ist bei vielen privaten und \u00f6ffentlichen Veranstaltungen aufgetreten: Opernball des Staatstheaters, Jazzfr\u00fchschoppen und Jazzfest in Bad Zwischenahn und Bergen Aan Zee, beim \u201eDefftig Ollnborger Gr\u00f6\u00f6nkohl-\u00c4ten\u201c in Berlin, bei der Kieler Woche, WETTEN DAS..?, Stadtfest Oldenburg, Weinfest, Jazzfestival Borkum, JAZZ &amp; SAIL in Bergen aan Zee, Bierg\u00e4rten in Hannover, beim Krimifestival auf Juist&#8230;..<\/p>\n<p>Die Rhythmusgruppe: pr\u00e4zise, aber auch ausgelassen und spontan, die Bl\u00e4ser: spielfreudig und dynamisch, dazu noch ein mehrstimmiger Gesang.<br \/>Das ist live oder auf den zwei CD&#8217;s zu erleben.<br \/>Die Band ist eine feste Gr\u00f6\u00dfe in Oldenburg und umzu.<\/p>\n<div style=\"text-align: left;\" align=\"center\">\u00a0<\/div>\n<div style=\"text-align: center;\" align=\"center\">Liveauftritte machen ihnen auch nach mehr als 30 Jahren B\u00fchnenerfahrung m\u00e4chtig Spa\u00df.<\/div>\n<div style=\"text-align: center;\" align=\"center\">Dem Publikum \u00fcbrigens auch!<\/div>","protected":false},"excerpt":{"rendered":"<p>Wall$treet Dixies 34 Jahre Wallstreet Dixies Am Samstag, den 28.09.2024 spielten wir ein Jubil\u00e4umskonzert im Litfa\u00df in Oldenburg.Mit dabei waren ehemalige Mitglieder und Aushilfen, welche die Band \u00fcber die ganzen Jahre begleitet haben. Es war eine unglaublich sch\u00f6ne Feier. Danke an alle, die mit uns gefeiert haben. \u00a0 Von Louis Armstrong \u00fcber Jim Knopf zu [&hellip;]<\/p>\n","protected":false},"author":1,"featured_media":519,"parent":0,"menu_order":0,"comment_status":"closed","ping_status":"open","template":"","meta":{"footnotes":""},"_links":{"self":[{"href":"https:\/\/www.wallstreet-dixies.de\/index.php?rest_route=\/wp\/v2\/pages\/2"}],"collection":[{"href":"https:\/\/www.wallstreet-dixies.de\/index.php?rest_route=\/wp\/v2\/pages"}],"about":[{"href":"https:\/\/www.wallstreet-dixies.de\/index.php?rest_route=\/wp\/v2\/types\/page"}],"author":[{"embeddable":true,"href":"https:\/\/www.wallstreet-dixies.de\/index.php?rest_route=\/wp\/v2\/users\/1"}],"replies":[{"embeddable":true,"href":"https:\/\/www.wallstreet-dixies.de\/index.php?rest_route=%2Fwp%2Fv2%2Fcomments&post=2"}],"version-history":[{"count":54,"href":"https:\/\/www.wallstreet-dixies.de\/index.php?rest_route=\/wp\/v2\/pages\/2\/revisions"}],"predecessor-version":[{"id":568,"href":"https:\/\/www.wallstreet-dixies.de\/index.php?rest_route=\/wp\/v2\/pages\/2\/revisions\/568"}],"wp:featuredmedia":[{"embeddable":true,"href":"https:\/\/www.wallstreet-dixies.de\/index.php?rest_route=\/wp\/v2\/media\/519"}],"wp:attachment":[{"href":"https:\/\/www.wallstreet-dixies.de\/index.php?rest_route=%2Fwp%2Fv2%2Fmedia&parent=2"}],"curies":[{"name":"wp","href":"https:\/\/api.w.org\/{rel}","templated":true}]}}