{"id":392,"date":"2020-01-02T17:14:58","date_gmt":"2020-01-02T17:14:58","guid":{"rendered":"http:\/\/new.wallstreet-dixies.de\/?page_id=392"},"modified":"2024-09-27T10:05:33","modified_gmt":"2024-09-27T10:05:33","slug":"referenzen","status":"publish","type":"page","link":"https:\/\/www.wallstreet-dixies.de\/?page_id=392","title":{"rendered":"Referenzen"},"content":{"rendered":"\n<h4 class=\"wp-block-heading\"><strong>Die Highlights unserer \u00f6ffentlichen Auftritte:<\/strong><\/h4>\n\n\n\n<p>Opernball, Oldenburg<br>Krimifestival Juist<br>Fr\u00fchtanz (1. Mai) bei W\u00f6bken, Hundsm\u00fchlen <br>Charlottenhof, Bad Zwischenahn<br>Ahrenshofscheune, Bad Zwischenahn<br>Verein der Kunstfreunde Bad Zwischenahn<br>G\u00fcterschuppen in Westerstede<br>Pumpwerk, Wilhelmshaven<br>Park der G\u00e4rten, Rostrup<br>Bierg\u00e4rten in Hannover<br>Famila Center, Wechloy<br>Stadtfest, Oldenburg<br>Jazz and Sail, Bergen am See, NL<br>Golfclub, Bad Zwischenahn<br>Hafenfest, Oldenburg<br>Kieler Woche<br>Sparkassen Jazztage, Aurich<br>Happy Jazz Night, Jever<br>Riverboat Parties auf Weser und Ems<br>Pre-Event zu <span style=\"background: orange; color: white; padding: 2px; font-weight: bold;\">wetten, dass..?<\/span>, Weser-Ems-Halle<br>Kramermarkt, Weser-Ems-Halle<br>Thyssen F\u00fcgetechnik, Wolfsburg<br>Segelregatta, Juist<br>Leuchtturmfest, Juist<br>Jazzfestival, Borkum<br>Jubil\u00e4um OOVW, Diekmannshausen<br>\u00d6ffentliche Versicherung, Oldenburg<br>Oldenburger Gr\u00fcnkohlessen, Berlin<br>Nieders\u00e4chsischer Apothekertag, Berlin<br>Nordwestbahn, Oldenburg und Osnabr\u00fcck <br>Oldtimer- und Youngtimer Treffen in Rastede<br>Rhodo 2023, Bad Zwischenahn<br>Casino Gesellschaft Oldenburg<br>Dienstagsjazz Waldb\u00fchne Bremen<br>Lions Club Ritterhude<\/p>\n\n\n\n<p><\/p>\n","protected":false},"excerpt":{"rendered":"<p>Die Highlights unserer \u00f6ffentlichen Auftritte: Opernball, OldenburgKrimifestival JuistFr\u00fchtanz (1. Mai) bei W\u00f6bken, Hundsm\u00fchlen Charlottenhof, Bad ZwischenahnAhrenshofscheune, Bad ZwischenahnVerein der Kunstfreunde Bad ZwischenahnG\u00fcterschuppen in WesterstedePumpwerk, WilhelmshavenPark der G\u00e4rten, RostrupBierg\u00e4rten in HannoverFamila Center, WechloyStadtfest, OldenburgJazz and Sail, Bergen am See, NLGolfclub, Bad ZwischenahnHafenfest, OldenburgKieler WocheSparkassen Jazztage, AurichHappy Jazz Night, JeverRiverboat Parties auf Weser und EmsPre-Event zu wetten, [&hellip;]<\/p>\n","protected":false},"author":1,"featured_media":15,"parent":0,"menu_order":5,"comment_status":"closed","ping_status":"closed","template":"page-templates\/full-width-page.php","meta":{"footnotes":""},"_links":{"self":[{"href":"https:\/\/www.wallstreet-dixies.de\/index.php?rest_route=\/wp\/v2\/pages\/392"}],"collection":[{"href":"https:\/\/www.wallstreet-dixies.de\/index.php?rest_route=\/wp\/v2\/pages"}],"about":[{"href":"https:\/\/www.wallstreet-dixies.de\/index.php?rest_route=\/wp\/v2\/types\/page"}],"author":[{"embeddable":true,"href":"https:\/\/www.wallstreet-dixies.de\/index.php?rest_route=\/wp\/v2\/users\/1"}],"replies":[{"embeddable":true,"href":"https:\/\/www.wallstreet-dixies.de\/index.php?rest_route=%2Fwp%2Fv2%2Fcomments&post=392"}],"version-history":[{"count":10,"href":"https:\/\/www.wallstreet-dixies.de\/index.php?rest_route=\/wp\/v2\/pages\/392\/revisions"}],"predecessor-version":[{"id":563,"href":"https:\/\/www.wallstreet-dixies.de\/index.php?rest_route=\/wp\/v2\/pages\/392\/revisions\/563"}],"wp:featuredmedia":[{"embeddable":true,"href":"https:\/\/www.wallstreet-dixies.de\/index.php?rest_route=\/wp\/v2\/media\/15"}],"wp:attachment":[{"href":"https:\/\/www.wallstreet-dixies.de\/index.php?rest_route=%2Fwp%2Fv2%2Fmedia&parent=392"}],"curies":[{"name":"wp","href":"https:\/\/api.w.org\/{rel}","templated":true}]}}