{"id":426,"date":"2020-02-01T16:21:16","date_gmt":"2020-02-01T16:21:16","guid":{"rendered":"http:\/\/new.wallstreet-dixies.de\/?page_id=426"},"modified":"2023-01-18T19:03:38","modified_gmt":"2023-01-18T19:03:38","slug":"impressum","status":"publish","type":"page","link":"https:\/\/www.wallstreet-dixies.de\/?page_id=426","title":{"rendered":"Impressum"},"content":{"rendered":"\n<p><strong>R\u00fcdiger Wellbrock<\/strong><br><strong>Dr\u00f6gen-Hasen-Weg 6a<\/strong><br><strong>26129 Oldenburg<\/strong><\/p>\n\n\n\n<p class=\"has-text-align-left\"><strong>Telefon: +49 441 39021844<\/strong><br><strong>Telefon: +49 179 9724284<\/strong><br><strong>E-Mail: kontakt@wallstreet-dixies.de<\/strong><br><strong>Internet: www.wallstreet-dixies.de<\/strong><\/p>\n\n\n\n<p><strong>Eine Umsatzsteueridentifikationsnummer ist nicht vorhanden.<\/strong><\/p>\n\n\n\n<p><strong>Trotz sorgf\u00e4ltiger inhaltlicher Kontrolle\u00fcbernehmen wir keine Haftung  f\u00fcr die Inhalte externer Links. F\u00fcr den Inhalt der verlinkten Seiten  sind ausschlie\u00dflich deren Betreiber verantwortlich.<\/strong><\/p>\n","protected":false},"excerpt":{"rendered":"<p>R\u00fcdiger WellbrockDr\u00f6gen-Hasen-Weg 6a26129 Oldenburg Telefon: +49 441 39021844Telefon: +49 179 9724284E-Mail: kontakt@wallstreet-dixies.deInternet: www.wallstreet-dixies.de Eine Umsatzsteueridentifikationsnummer ist nicht vorhanden. Trotz sorgf\u00e4ltiger inhaltlicher Kontrolle\u00fcbernehmen wir keine Haftung f\u00fcr die Inhalte externer Links. F\u00fcr den Inhalt der verlinkten Seiten sind ausschlie\u00dflich deren Betreiber verantwortlich.<\/p>\n","protected":false},"author":1,"featured_media":0,"parent":0,"menu_order":0,"comment_status":"closed","ping_status":"closed","template":"","meta":{"footnotes":""},"_links":{"self":[{"href":"https:\/\/www.wallstreet-dixies.de\/index.php?rest_route=\/wp\/v2\/pages\/426"}],"collection":[{"href":"https:\/\/www.wallstreet-dixies.de\/index.php?rest_route=\/wp\/v2\/pages"}],"about":[{"href":"https:\/\/www.wallstreet-dixies.de\/index.php?rest_route=\/wp\/v2\/types\/page"}],"author":[{"embeddable":true,"href":"https:\/\/www.wallstreet-dixies.de\/index.php?rest_route=\/wp\/v2\/users\/1"}],"replies":[{"embeddable":true,"href":"https:\/\/www.wallstreet-dixies.de\/index.php?rest_route=%2Fwp%2Fv2%2Fcomments&post=426"}],"version-history":[{"count":5,"href":"https:\/\/www.wallstreet-dixies.de\/index.php?rest_route=\/wp\/v2\/pages\/426\/revisions"}],"predecessor-version":[{"id":498,"href":"https:\/\/www.wallstreet-dixies.de\/index.php?rest_route=\/wp\/v2\/pages\/426\/revisions\/498"}],"wp:attachment":[{"href":"https:\/\/www.wallstreet-dixies.de\/index.php?rest_route=%2Fwp%2Fv2%2Fmedia&parent=426"}],"curies":[{"name":"wp","href":"https:\/\/api.w.org\/{rel}","templated":true}]}}